{"id":210,"date":"2022-01-17T15:13:11","date_gmt":"2022-01-17T14:13:11","guid":{"rendered":"http:\/\/szkolkabielawni.pl\/?page_id=210"},"modified":"2023-02-14T13:02:16","modified_gmt":"2023-02-14T12:02:16","slug":"hortensje","status":"publish","type":"page","link":"https:\/\/szkolkabielawni.pl\/?page_id=210","title":{"rendered":"Hortensje"},"content":{"rendered":"\n<p>Hortensje zdobi\u0105 nasz ogr\u00f3d okaza\u0142ymi kwiatostanami zar\u00f3wno wiosn\u0105, latem jak i zim\u0105, poniewa\u017c zaschni\u0119te r\u00f3wnie pi\u0119knie wygl\u0105daj\u0105. W zale\u017cno\u015bci od gatunku przybieraj\u0105 kszta\u0142t kuli, sto\u017ck\u00f3w i wiech. U niekt\u00f3rych gatunk\u00f3w li\u015bcie r\u00f3wnie\u017c stanowi\u0105 ozdob\u0119, poniewa\u017c jesieni\u0105 przebarwiaj\u0105 si\u0119 na czerwono i \u017c\u00f3\u0142to. Najbardziej popularne hortensje to:<\/p>\n\n\n\n<ul class=\"wp-block-list\">\n<li>ogrodowe<\/li>\n\n\n\n<li>bukietowe, wiechowate<\/li>\n\n\n\n<li>drzewiaste, krzewiaste<\/li>\n<\/ul>\n\n\n\n<p>Wszystkie hortensje potrzebuj\u0105 gleby \u017cyznej, pr\u00f3chniczej, wilgotnej, przepuszczalnej o kwa\u015bnym odczynie pH 4-5,5. Warto je \u015bci\u00f3\u0142kowa\u0107 dzi\u0119ki czemu ograniczymy wysychanie ziemi. Wykorzystuj\u0105c do tego kor\u0119, zr\u0119bki czy wi\u00f3ry iglaste, torf kwa\u015bny lub szyszki dostarczamy pr\u00f3chnicy, poniewa\u017c materia\u0142y te z czasem rozk\u0142adaj\u0105 si\u0119. Wi\u0119kszo\u015b\u0107 odmian preferuje miejsce ciep\u0142e, p\u00f3\u0142cieniste, os\u0142oni\u0119te od wiatru. Sadzimy wiosn\u0105 na prze\u0142omie kwietnia i maja. Do podlewania tych ro\u015blin najlepiej wykorzysta\u0107 deszcz\u00f3wk\u0119, poniewa\u017c jest bardziej mi\u0119kka i nie podwy\u017csza odczynu gleby. Na jako\u015b\u0107 i d\u0142ugo\u015b\u0107 kwitnienia dobrze wp\u0142ynie naw\u00f3z przeznaczony do hortensji. W zale\u017cno\u015bci od gatunku przycina si\u0119 je w r\u00f3\u017cnym czasie. Mo\u017cemy uprawia\u0107 je r\u00f3wnie\u017c w donicy. Hortensje s\u0105 odporne na szkodniki i choroby, jednak nieodpowiednie pH gleby wywo\u0142a chloroz\u0119 li\u015bci.<\/p>\n\n\n<div class=\"wp-block-image\">\n<figure class=\"alignright size-thumbnail\"><a href=\"https:\/\/sklep.szkolkabielawni.pl\/hydrangea-hortensja-w-odmianach,3,1557,751\"><img loading=\"lazy\" decoding=\"async\" width=\"150\" height=\"150\" src=\"https:\/\/szkolkabielawni.pl\/wp-content\/uploads\/2022\/01\/IMG_5051-150x150.jpeg\" alt=\"\" class=\"wp-image-218\"\/><\/a><figcaption class=\"wp-element-caption\">hortensja ogrodowa<\/figcaption><\/figure>\n<\/div>\n\n\n<p><strong>Hortensja ogrodowa<\/strong><\/p>\n\n\n\n<p>Jest zdecydowanie najbardziej wymagaj\u0105ca. Osi\u0105gaj\u0105 wysoko\u015b\u0107 ok. 1,5 metra. Li\u015bcie s\u0105 szorstkie, ciemnozielone, jajowate z brzegiem pi\u0142kowanym. Kwiaty przybieraj\u0105 barw\u0119 bia\u0142\u0105, r\u00f3\u017cow\u0105, niebiesk\u0105 i fioletow\u0105 o kulistym kszta\u0142cie i du\u017cych rozmiarach. \u015arednica niekt\u00f3rych odmian si\u0119ga 30 cm.<\/p>\n\n\n<div class=\"wp-block-image\">\n<figure class=\"alignleft size-thumbnail\"><a href=\"https:\/\/sklep.szkolkabielawni.pl\/hydrangea-hortensja-w-odmianach,3,1557,751\"><img loading=\"lazy\" decoding=\"async\" width=\"150\" height=\"150\" src=\"https:\/\/szkolkabielawni.pl\/wp-content\/uploads\/2022\/01\/IMG_5021-150x150.jpeg\" alt=\"\" class=\"wp-image-217\"\/><\/a><figcaption class=\"wp-element-caption\">hortensja ogrodowa<\/figcaption><\/figure>\n<\/div>\n\n\n<p> W zale\u017cno\u015bci od pH gleby kwiaty mog\u0105 mie\u0107 inny kolor. Na glebie zasadowej otrzymamy r\u00f3\u017cowe i czerwone a na kwa\u015bnej fioletowe i niebieskie. Ze wzgl\u0119du na budow\u0119 kwiatostanu wyr\u00f3\u017cniamy hortensje wielkokwiatowe o pe\u0142nych i du\u017cych kwiatostanach oraz koronkowe sk\u0142adaj\u0105ce si\u0119 z kwiat\u00f3w p\u0142odnych i p\u0142onnych. Kwitnie na p\u0119dach zesz\u0142orocznych, dlatego ci\u0119cie wykonujemy po kwitnieniu, aby nowe p\u0119dy zd\u0105\u017cy\u0142y zdrewnie\u0107 przed zim\u0105. Musimy uwa\u017ca\u0107, aby przy ci\u0119ciu nie uszkodzi\u0107 p\u0105k\u00f3w przysz\u0142ych kwiat\u00f3w, kt\u00f3re zawi\u0105zuj\u0105 si\u0119 w sierpniu. Ucinamy zaraz pod przekwitni\u0119tym kwiatostanem. Przygotowuj\u0105c miejsce do posadzenia musimy wykopa\u0107 d\u00f3\u0142 dwa razy wi\u0119kszy ni\u017c jej bry\u0142a korzeniowa i wype\u0142ni\u0107 gotow\u0105 ziemi\u0105 do hortensji. <\/p>\n\n\n\n<p>Hortensja ogrodowa mo\u017ce nie kwitn\u0105\u0107, poniewa\u017c:<\/p>\n\n\n<div class=\"wp-block-image\">\n<figure class=\"alignright size-thumbnail\"><a href=\"https:\/\/sklep.szkolkabielawni.pl\/hydrangea-hortensja-w-odmianach,3,1557,751\"><img loading=\"lazy\" decoding=\"async\" width=\"150\" height=\"150\" src=\"https:\/\/szkolkabielawni.pl\/wp-content\/uploads\/2022\/01\/IMG_5020-150x150.jpeg\" alt=\"\" class=\"wp-image-216\"\/><\/a><figcaption class=\"wp-element-caption\">hortensja ogrodowa<\/figcaption><\/figure>\n<\/div>\n\n\n<ul class=\"wp-block-list\">\n<li>przemarz\u0142a, najbardziej wra\u017cliwe na mr\u00f3z s\u0105 p\u0119dy, kt\u00f3re maj\u0105 zawi\u0105zane p\u0105ki. Aby temu zapobiec nasad\u0119 ro\u015bliny okrywamy kopczykiem z li\u015bci, trawy lub s\u0142omy a ga\u0142\u0119zie stroiszem iglastym lub agrow\u0142\u00f3knin\u0105,<\/li>\n\n\n\n<li>jesieni\u0105 zosta\u0142y \u015bci\u0119te tegoroczne przyrosty z p\u0105kami kwiatowymi,<\/li>\n\n\n\n<li>ro\u015bnie w zbyt du\u017cym cieniu, cie\u0144 hamuje rozw\u00f3j p\u0105k\u00f3w kwiatowych,<\/li>\n\n\n\n<li>odczyn gleby jest zbyt zasadowy, dlatego, \u017ce zmniejsza przyswajalno\u015b\u0107 \u017celaza z pod\u0142o\u017ca, kt\u00f3ry jest g\u0142\u00f3wnym sk\u0142adnikiem chlorofilu odpowiadaj\u0105cego za fotosyntez\u0119 co wp\u0142ywa na rozw\u00f3j ro\u015bliny,<\/li>\n\n\n\n<li>jest przesuszona ziemia, brak wody powoduje szybkie wi\u0119dni\u0119cie i zmniejsza si\u0142y na rozw\u00f3j p\u0105k\u00f3w<\/li>\n<\/ul>\n\n\n\n<p><\/p>\n\n\n\n<p><strong>Hortensja bukietowa<\/strong> <\/p>\n\n\n<div class=\"wp-block-image\">\n<figure class=\"alignleft size-thumbnail\"><a href=\"https:\/\/sklep.szkolkabielawni.pl\/produkty\/rosliny\/rosliny-lisciaste\/krzewy-lisciaste\/hydrangea,2,1557\"><img loading=\"lazy\" decoding=\"async\" width=\"150\" height=\"150\" src=\"https:\/\/szkolkabielawni.pl\/wp-content\/uploads\/2022\/01\/IMG_5503-150x150.jpeg\" alt=\"\" class=\"wp-image-234\"\/><\/a><figcaption class=\"wp-element-caption\">hortensja bukietowa<\/figcaption><\/figure>\n<\/div>\n\n<div class=\"wp-block-image\">\n<figure class=\"alignright size-thumbnail\"><a href=\"https:\/\/sklep.szkolkabielawni.pl\/produkty\/rosliny\/rosliny-lisciaste\/krzewy-lisciaste\/hydrangea,2,1557\"><img loading=\"lazy\" decoding=\"async\" width=\"150\" height=\"150\" src=\"https:\/\/szkolkabielawni.pl\/wp-content\/uploads\/2022\/01\/IMG_5544-150x150.jpeg\" alt=\"\" class=\"wp-image-233\"\/><\/a><figcaption class=\"wp-element-caption\">hortensja bukietowa<\/figcaption><\/figure>\n<\/div>\n\n\n<p>Bardzo \u0142atwa w uprawie. Kwiatostany s\u0105 sto\u017ckowate z\u0142o\u017cone z drobnych kwiatk\u00f3w w kolorze bia\u0142ym, kremowym lub r\u00f3\u017cowym. Kwiaty cz\u0119sto zmieniaj\u0105 kolor w czasie kwitnienia. Pocz\u0105tkowo s\u0105 bia\u0142e albo zielonkawobia\u0142e, a potem kremowe lub r\u00f3\u017cowe. Kwitn\u0105 latem i jesieni\u0105 a niekt\u00f3re odmiany powtarzaj\u0105 kwitnienie. Li\u015bcie s\u0105 zielone, jajowate i ca\u0142obrzegie. Mog\u0105 osi\u0105gn\u0105\u0107 nawet 2 m wysoko\u015bci. Preferuje przede wszystkim stanowisko s\u0142oneczne, w p\u00f3\u0142cienistym b\u0119dzie s\u0142abiej kwit\u0142a. Nie wymaga okrywania na zim\u0119, poniewa\u017c jest mrozoodporna. Tniemy j\u0105 w marcu jeszcze przed pojawieniem si\u0119 li\u015bci. Spos\u00f3b ci\u0119cia wp\u0142ywa na wielko\u015b\u0107 kwiatu. Gdy przytniemy ro\u015blin\u0119 delikatnie i zostawimy wiele drobnych p\u0119d\u00f3w, uzyskamy bardzo du\u017co drobnych kwiat\u00f3w. Je\u015bli natomiast chcemy mie\u0107 du\u017ce kwiaty, cho\u0107 mniej, musimy mocno przyci\u0105\u0107 pozostawiaj\u0105c kilka silnych p\u0119d\u00f3w. D\u00f3\u0142, kt\u00f3ry wykopujemy pod sadzonk\u0119, musi by\u0107 co najmniej tej wielko\u015bci co donica, w kt\u00f3rej by\u0142a zakupiona ro\u015blina. Przed sadzeniem na dno wsypujemy torf kwa\u015bny wymieszany z ziemi\u0105 z wykopu, wlewamy wod\u0119 i czekamy a\u017c wsi\u0105knie. Nast\u0119pnie wsadzamy ro\u015blin\u0119 nie g\u0142\u0119biej ni\u017c by\u0142a w donicy. Po odpowiednim jej ustawieniu przysypujemy ziemi\u0105 do 2\/3 wysoko\u015bci otworu, podlewamy, uzupe\u0142niamy pod\u0142o\u017cem i ponownie podlewamy. Mo\u017cemy dodatkowo podsypa\u0107 kor\u0105. Nawozimy najwcze\u015bniej latem lub w kolejnym roku. (zainteresowanych zakupem odsy\u0142amy do linka <a href=\"http:\/\/sklep.szkolkabielawni.pl\/produkty\/rosliny\/rosliny-lisciaste\/krzewy-lisciaste\/hydrangea,2,1557\"><strong>e-sklepu<\/strong>)<\/a> <\/p>\n\n\n\n<p><strong>Hortensja drzewiasta, krzewiasta<\/strong><\/p>\n\n\n\n<p>\u0141atwa w uprawie. W dobrych warunkach dorasta nawet do 2-3 m wysoko\u015bci. P\u0119dy s\u0105 wzniesione i do\u015b\u0107 sztywne, jednak pod wp\u0142ywem ci\u0119\u017caru kwiat\u00f3w mog\u0105 rozk\u0142ada\u0107 si\u0119 na boki. Kwiatostany zwykle przybieraj\u0105 kszta\u0142t kulisty z\u0142o\u017cony z du\u017cych g\u0142\u00f3wnie bia\u0142ych kwiat\u00f3w p\u0142onnych oraz z mniejszych kwiat\u00f3w p\u0142odnych te\u017c bia\u0142ych, kt\u00f3re z czasem zieleniej\u0105. Li\u015bcie pokryte od spodu delikatnym meszkiem s\u0105 sercowate, du\u017ce, zielone, ostro zako\u0144czone i mocno pi\u0142kowane. Nale\u017cy do najd\u0142u\u017cej kwitn\u0105cych hortensji, bo od ko\u0144ca czerwca a\u017c do wrze\u015bnia. Stosunkowo odporna na niskie temperatury. Wymaga regularnego ci\u0119cia ze wzgl\u0119du na roz\u0142o\u017cysty i g\u0119sty pokr\u00f3j. Wszystkie p\u0119dy skracamy nad 2-3 oczkiem wczesn\u0105 wiosn\u0105. P\u0119dy s\u0142abe, chore i przemarzni\u0119te ca\u0142kowicie usuwamy(zainteresowanych zakupem odsy\u0142amy do linka <a href=\"http:\/\/sklep.szkolkabielawni.pl\/produkty\/rosliny\/rosliny-lisciaste\/krzewy-lisciaste\/hydrangea,2,1557\"><strong>e-sklepu<\/strong>)<\/a>.<\/p>\n\n\n<div class=\"wp-block-image\">\n<figure class=\"alignright size-thumbnail\"><a href=\"https:\/\/sklep.szkolkabielawni.pl\/hydrangea-xl-hortensja,3,1557,880\"><img loading=\"lazy\" decoding=\"async\" width=\"150\" height=\"150\" src=\"https:\/\/szkolkabielawni.pl\/wp-content\/uploads\/2023\/02\/hortensja-XL-150x150.jpg\" alt=\"\" class=\"wp-image-641\" srcset=\"https:\/\/szkolkabielawni.pl\/wp-content\/uploads\/2023\/02\/hortensja-XL-150x150.jpg 150w, https:\/\/szkolkabielawni.pl\/wp-content\/uploads\/2023\/02\/hortensja-XL-300x300.jpg 300w, https:\/\/szkolkabielawni.pl\/wp-content\/uploads\/2023\/02\/hortensja-XL-1024x1024.jpg 1024w, https:\/\/szkolkabielawni.pl\/wp-content\/uploads\/2023\/02\/hortensja-XL.jpg 1169w\" sizes=\"auto, (max-width: 150px) 100vw, 150px\" \/><\/a><figcaption class=\"wp-element-caption\">hortensja XL<\/figcaption><\/figure>\n<\/div>\n\n\n<p>W naszym asortymencie ka\u017cdy znajdzie co\u015b dla siebie. Posiadamy sadzonki mniejsze w pojemnikach 3-5 litrowych oraz w rozmiarze XL (pojemnik 30 litrowy), kt\u00f3re ju\u017c po posadzeniu daj\u0105 efekt. Ciekaw\u0105 propozycj\u0105 s\u0105 te\u017c hortensje prowadzone na pniu. Piel\u0119gnuje si\u0119 je tak samo jak hortensje bukietowe czy drzewiaste, poniewa\u017c rozmna\u017cane s\u0105 w\u0142a\u015bnie z tych odmian.<\/p>\n","protected":false},"excerpt":{"rendered":"<p>Hortensje zdobi\u0105 nasz ogr\u00f3d okaza\u0142ymi kwiatostanami zar\u00f3wno wiosn\u0105, latem jak i zim\u0105, poniewa\u017c zaschni\u0119te r\u00f3wnie pi\u0119knie wygl\u0105daj\u0105. W zale\u017cno\u015bci od gatunku przybieraj\u0105 kszta\u0142t kuli, sto\u017ck\u00f3w &#8230;<\/p>\n<div class=\"read-more-div\" ><a class=\"button small read-more\" href=\"https:\/\/szkolkabielawni.pl\/?page_id=210\">Wi\u0119cej<\/a><\/div>\n","protected":false},"author":2,"featured_media":0,"parent":0,"menu_order":0,"comment_status":"closed","ping_status":"closed","template":"","meta":{"footnotes":""},"class_list":["post-210","page","type-page","status-publish","hentry"],"_links":{"self":[{"href":"https:\/\/szkolkabielawni.pl\/index.php?rest_route=\/wp\/v2\/pages\/210","targetHints":{"allow":["GET"]}}],"collection":[{"href":"https:\/\/szkolkabielawni.pl\/index.php?rest_route=\/wp\/v2\/pages"}],"about":[{"href":"https:\/\/szkolkabielawni.pl\/index.php?rest_route=\/wp\/v2\/types\/page"}],"author":[{"embeddable":true,"href":"https:\/\/szkolkabielawni.pl\/index.php?rest_route=\/wp\/v2\/users\/2"}],"replies":[{"embeddable":true,"href":"https:\/\/szkolkabielawni.pl\/index.php?rest_route=%2Fwp%2Fv2%2Fcomments&post=210"}],"version-history":[{"count":12,"href":"https:\/\/szkolkabielawni.pl\/index.php?rest_route=\/wp\/v2\/pages\/210\/revisions"}],"predecessor-version":[{"id":768,"href":"https:\/\/szkolkabielawni.pl\/index.php?rest_route=\/wp\/v2\/pages\/210\/revisions\/768"}],"wp:attachment":[{"href":"https:\/\/szkolkabielawni.pl\/index.php?rest_route=%2Fwp%2Fv2%2Fmedia&parent=210"}],"curies":[{"name":"wp","href":"https:\/\/api.w.org\/{rel}","templated":true}]}}